{"id":312,"date":"2023-05-07T18:20:29","date_gmt":"2023-05-07T18:20:29","guid":{"rendered":"https:\/\/kleintierpraxiswilms.de\/?page_id=312"},"modified":"2026-04-09T17:57:54","modified_gmt":"2026-04-09T17:57:54","slug":"anfahrt","status":"publish","type":"page","link":"https:\/\/kleintierpraxiswilms.de\/en\/anfahrt\/","title":{"rendered":"Approach"},"content":{"rendered":"<div data-elementor-type=\"wp-page\" data-elementor-id=\"312\" class=\"elementor elementor-312\" data-elementor-post-type=\"page\">\n\t\t\t\t<div class=\"elementor-element elementor-element-93b69dc e-flex e-con-boxed e-con e-parent\" data-id=\"93b69dc\" data-element_type=\"container\" data-e-type=\"container\" data-settings=\"{&quot;background_background&quot;:&quot;classic&quot;}\">\n\t\t\t\t\t<div class=\"e-con-inner\">\n\t\t\t\t<div class=\"elementor-element elementor-element-40dc5b7 elementor-widget elementor-widget-heading\" data-id=\"40dc5b7\" data-element_type=\"widget\" data-e-type=\"widget\" data-widget_type=\"heading.default\">\n\t\t\t\t\t<h1 class=\"elementor-heading-title elementor-size-default\">Kleintierpraxis Kai Wilms in K\u00f6ln-Deutz<\/h1>\t\t\t\t<\/div>\n\t\t\t\t\t<\/div>\n\t\t\t\t<\/div>\n\t\t<div class=\"elementor-element elementor-element-3d3b830 e-flex e-con-boxed e-con e-parent\" data-id=\"3d3b830\" data-element_type=\"container\" data-e-type=\"container\">\n\t\t\t\t\t<div class=\"e-con-inner\">\n\t\t\t\t<div class=\"elementor-element elementor-element-6a9e1ff elementor-widget elementor-widget-dce-breadcrumbs\" data-id=\"6a9e1ff\" data-element_type=\"widget\" data-e-type=\"widget\" data-widget_type=\"dce-breadcrumbs.default\">\n\t\t\t\t<div class=\"elementor-widget-container\">\n\t\t\t\t\t<div><span><span><a href=\"https:\/\/kleintierpraxiswilms.de\/en\/\">Start<\/a><\/span><\/span><\/div>\t\t\t\t<\/div>\n\t\t\t\t<\/div>\n\t\t\t\t\t<\/div>\n\t\t\t\t<\/div>\n\t\t<div class=\"elementor-element elementor-element-c5f2c1a e-flex e-con-boxed e-con e-parent\" data-id=\"c5f2c1a\" data-element_type=\"container\" data-e-type=\"container\">\n\t\t\t\t\t<div class=\"e-con-inner\">\n\t\t\t\t<div class=\"elementor-element elementor-element-cd0fe75 elementor-widget elementor-widget-heading\" data-id=\"cd0fe75\" data-element_type=\"widget\" data-e-type=\"widget\" data-widget_type=\"heading.default\">\n\t\t\t\t\t<h2 class=\"elementor-heading-title elementor-size-default\">Finding us<\/h2>\t\t\t\t<\/div>\n\t\t\t\t<div class=\"elementor-element elementor-element-713f300 elementor-widget elementor-widget-text-editor\" data-id=\"713f300\" data-element_type=\"widget\" data-e-type=\"widget\" data-widget_type=\"text-editor.default\">\n\t\t\t\t\t\t\t\t\t<p>We are located in central Cologne and are accessible from all directions<\/p>\t\t\t\t\t\t\t\t<\/div>\n\t\t\t\t<div class=\"elementor-element elementor-element-c700ba2 elementor-widget-mobile_extra__width-inherit elementor-widget-mobile__width-inherit elementor-list-item-link-inline elementor-icon-list--layout-traditional elementor-widget elementor-widget-icon-list\" data-id=\"c700ba2\" data-element_type=\"widget\" data-e-type=\"widget\" data-widget_type=\"icon-list.default\">\n\t\t\t\t\t\t\t<ul class=\"elementor-icon-list-items\">\n\t\t\t\t\t\t\t<li class=\"elementor-icon-list-item\">\n\t\t\t\t\t\t\t\t\t\t\t<a href=\"#auto\">\n\n\t\t\t\t\t\t\t\t\t\t\t\t<span class=\"elementor-icon-list-icon\">\n\t\t\t\t\t\t\t<svg aria-hidden=\"true\" class=\"e-font-icon-svg e-fas-arrow-right\" viewbox=\"0 0 448 512\" xmlns=\"http:\/\/www.w3.org\/2000\/svg\"><path d=\"M190.5 66.9l22.2-22.2c9.4-9.4 24.6-9.4 33.9 0L441 239c9.4 9.4 9.4 24.6 0 33.9L246.6 467.3c-9.4 9.4-24.6 9.4-33.9 0l-22.2-22.2c-9.5-9.5-9.3-25 .4-34.3L311.4 296H24c-13.3 0-24-10.7-24-24v-32c0-13.3 10.7-24 24-24h287.4L190.9 101.2c-9.8-9.3-10-24.8-.4-34.3z\"><\/path><\/svg>\t\t\t\t\t\t<\/span>\n\t\t\t\t\t\t\t\t\t\t<span class=\"elementor-icon-list-text\">By car<\/span>\n\t\t\t\t\t\t\t\t\t\t\t<\/a>\n\t\t\t\t\t\t\t\t\t<\/li>\n\t\t\t\t\t\t\t\t<li class=\"elementor-icon-list-item\">\n\t\t\t\t\t\t\t\t\t\t\t<a href=\"#bahn\">\n\n\t\t\t\t\t\t\t\t\t\t\t\t<span class=\"elementor-icon-list-icon\">\n\t\t\t\t\t\t\t<svg aria-hidden=\"true\" class=\"e-font-icon-svg e-fas-arrow-right\" viewbox=\"0 0 448 512\" xmlns=\"http:\/\/www.w3.org\/2000\/svg\"><path d=\"M190.5 66.9l22.2-22.2c9.4-9.4 24.6-9.4 33.9 0L441 239c9.4 9.4 9.4 24.6 0 33.9L246.6 467.3c-9.4 9.4-24.6 9.4-33.9 0l-22.2-22.2c-9.5-9.5-9.3-25 .4-34.3L311.4 296H24c-13.3 0-24-10.7-24-24v-32c0-13.3 10.7-24 24-24h287.4L190.9 101.2c-9.8-9.3-10-24.8-.4-34.3z\"><\/path><\/svg>\t\t\t\t\t\t<\/span>\n\t\t\t\t\t\t\t\t\t\t<span class=\"elementor-icon-list-text\">Public transportation services<\/span>\n\t\t\t\t\t\t\t\t\t\t\t<\/a>\n\t\t\t\t\t\t\t\t\t<\/li>\n\t\t\t\t\t\t<\/ul>\n\t\t\t\t\t\t<\/div>\n\t\t\t\t<div class=\"elementor-element elementor-element-1b2bdd7 elementor-widget-divider--view-line elementor-widget elementor-widget-divider\" data-id=\"1b2bdd7\" data-element_type=\"widget\" data-e-type=\"widget\" data-widget_type=\"divider.default\">\n\t\t\t\t\t\t\t<div class=\"elementor-divider\">\n\t\t\t<span class=\"elementor-divider-separator\">\n\t\t\t\t\t\t<\/span>\n\t\t<\/div>\n\t\t\t\t\t\t<\/div>\n\t\t<div class=\"elementor-element elementor-element-ced53d0 e-flex e-con-boxed e-con e-child\" data-id=\"ced53d0\" data-element_type=\"container\" data-e-type=\"container\">\n\t\t\t\t\t<div class=\"e-con-inner\">\n\t\t<div class=\"elementor-element elementor-element-2299743 e-con-full e-flex e-con e-child\" data-id=\"2299743\" data-element_type=\"container\" data-e-type=\"container\">\n\t\t\t\t<div class=\"elementor-element elementor-element-b349d43 elementor-widget-mobile__width-initial elementor-view-default elementor-widget elementor-widget-icon\" data-id=\"b349d43\" data-element_type=\"widget\" data-e-type=\"widget\" data-widget_type=\"icon.default\">\n\t\t\t\t\t\t\t<div class=\"elementor-icon-wrapper\">\n\t\t\t<div class=\"elementor-icon\">\n\t\t\t<svg xmlns=\"http:\/\/www.w3.org\/2000\/svg\" xmlns:xlink=\"http:\/\/www.w3.org\/1999\/xlink\" id=\"Ebene_1\" x=\"0px\" y=\"0px\" viewbox=\"0 0 512 512\" style=\"enable-background:new 0 0 512 512;\" xml:space=\"preserve\"><style type=\"text\/css\">\t.st000{fill:#004671;}\t.st111{fill:#D67233;}<\/style><g id=\"icons_pin2\">\t<g id=\"Pfad_51\">\t\t<path class=\"st000\" d=\"M94.8,163.2c0,104.3,134.3,290.5,161.2,290.5s161.2-186.3,161.2-290.5C417.3,74.2,345.1,2,256.1,2h0   C167,2,94.8,74.2,94.8,163.2L94.8,163.2z M347.3,162.8c0,50.4-40.9,91.3-91.3,91.3s-91.3-40.9-91.3-91.3s40.9-91.3,91.3-91.3   S347.3,112.4,347.3,162.8L347.3,162.8z\"><\/path>\t<\/g>\t<g id=\"Gruppe_34\">\t\t<g id=\"Pfad_52\">\t\t\t<path class=\"st111\" d=\"M316,427.8c-2.5,3.1-5,6.1-7.4,8.9c-28.7,33.5-42.2,38.1-52.5,38.1c-10.3,0-23.8-4.6-52.5-38.1    c-2.5-2.8-5-5.9-7.4-9c-62.8,6.1-107.4,21.6-107.4,39.7c0,23.4,74.9,42.5,167.3,42.5s167.3-19,167.3-42.5    C423.3,449.4,378.7,434,316,427.8L316,427.8z\"><\/path>\t\t<\/g>\t<\/g><\/g><\/svg>\t\t\t<\/div>\n\t\t<\/div>\n\t\t\t\t\t\t<\/div>\n\t\t\t\t<\/div>\n\t\t<div class=\"elementor-element elementor-element-1a3dd51 e-con-full e-flex e-con e-child\" data-id=\"1a3dd51\" data-element_type=\"container\" data-e-type=\"container\">\n\t\t\t\t<div class=\"elementor-element elementor-element-42fa79d elementor-widget elementor-widget-text-editor\" data-id=\"42fa79d\" data-element_type=\"widget\" data-e-type=\"widget\" data-widget_type=\"text-editor.default\">\n\t\t\t\t\t\t\t\t\t<p><strong>Schmerztherapeutische Kleintierpraxis<\/strong> Kai Wilms<\/p>\t\t\t\t\t\t\t\t<\/div>\n\t\t\t\t<div class=\"elementor-element elementor-element-25c3f2f elementor-widget__width-inherit elementor-widget-divider--view-line elementor-widget elementor-widget-divider\" data-id=\"25c3f2f\" data-element_type=\"widget\" data-e-type=\"widget\" data-widget_type=\"divider.default\">\n\t\t\t\t\t\t\t<div class=\"elementor-divider\">\n\t\t\t<span class=\"elementor-divider-separator\">\n\t\t\t\t\t\t<\/span>\n\t\t<\/div>\n\t\t\t\t\t\t<\/div>\n\t\t\t\t<div class=\"elementor-element elementor-element-068bf6c elementor-widget__width-auto elementor-widget elementor-widget-text-editor\" data-id=\"068bf6c\" data-element_type=\"widget\" data-e-type=\"widget\" data-widget_type=\"text-editor.default\">\n\t\t\t\t\t\t\t\t\t<p>Gotenring 57, 50679 K\u00f6ln<\/p>\t\t\t\t\t\t\t\t<\/div>\n\t\t\t\t<\/div>\n\t\t\t\t\t<\/div>\n\t\t\t\t<\/div>\n\t\t\t\t<div class=\"elementor-element elementor-element-f193de1 elementor-widget-divider--view-line elementor-widget elementor-widget-divider\" data-id=\"f193de1\" data-element_type=\"widget\" data-e-type=\"widget\" data-widget_type=\"divider.default\">\n\t\t\t\t\t\t\t<div class=\"elementor-divider\">\n\t\t\t<span class=\"elementor-divider-separator\">\n\t\t\t\t\t\t<\/span>\n\t\t<\/div>\n\t\t\t\t\t\t<\/div>\n\t\t\t\t\t<\/div>\n\t\t\t\t<\/div>\n\t\t<div class=\"elementor-element elementor-element-66e0d99 e-flex e-con-boxed e-con e-parent\" data-id=\"66e0d99\" data-element_type=\"container\" data-e-type=\"container\" id=\"auto\">\n\t\t\t\t\t<div class=\"e-con-inner\">\n\t\t<div class=\"elementor-element elementor-element-a1f2757 e-con-full e-flex e-con e-child\" data-id=\"a1f2757\" data-element_type=\"container\" data-e-type=\"container\" data-settings=\"{&quot;background_background&quot;:&quot;classic&quot;}\">\n\t\t\t\t<div class=\"elementor-element elementor-element-78a6a16 elementor-view-default elementor-widget elementor-widget-icon\" data-id=\"78a6a16\" data-element_type=\"widget\" data-e-type=\"widget\" data-widget_type=\"icon.default\">\n\t\t\t\t\t\t\t<div class=\"elementor-icon-wrapper\">\n\t\t\t<div class=\"elementor-icon\">\n\t\t\t<svg xmlns=\"http:\/\/www.w3.org\/2000\/svg\" id=\"Ebene_1\" data-name=\"Ebene 1\" viewbox=\"0 0 512 512\"><defs><style>      .cls-11233 {        fill: #044770;      }    <\/style><\/defs><path class=\"cls-11233\" d=\"m396.64,225.48h-46.61c-11.87-15.23-20.42-25.88-25.43-31.66-1.84-2.12-3.59-4.24-5.28-6.29-9.93-12.04-19.31-23.41-38.19-23.41h-121.52s-.01,0-.02,0h-26.7c-2.04,0-3.92,1.13-4.87,2.95l-32.12,61.25c-3.93,6.74-6.1,14.42-6.28,22.22,0,.04,0,.09,0,.13v40.22c0,13.88,11.29,25.18,25.18,25.19h12.53c4.51,17.58,20.49,30.62,39.46,30.62,22.46,0,40.74-18.28,40.74-40.74s-18.27-40.74-40.74-40.74-40.25,17.8-40.72,39.86h-11.28c-7.82,0-14.18-6.36-14.18-14.18v-34.72s.06,0,.1,0h31.47c3.04,0,5.5-2.46,5.5-5.5s-2.46-5.5-5.5-5.5h-30.97c.56-3,1.51-5.92,2.82-8.68h31.38c2.26,0,4.28-1.38,5.11-3.47l22.93-57.89h14.94l-20.22,53.93c-.63,1.69-.4,3.58.63,5.06s2.72,2.37,4.52,2.37h184.01s0,0,0,0c0,0,0,0,0,0h49.3c5.87,0,10.92,3.59,13.07,8.68h-24.86c-3.04,0-5.5,2.46-5.5,5.5s2.46,5.5,5.5,5.5h25.97v34.72c0,7.82-6.36,14.18-14.18,14.18h-6.32c-.47-22.06-18.55-39.86-40.72-39.86s-40.25,17.8-40.72,39.86h-79.07c-3.04,0-5.5,2.46-5.5,5.5s2.46,5.5,5.5,5.5h80.33c4.51,17.58,20.49,30.61,39.46,30.61s34.95-13.03,39.46-30.62h7.57c13.88,0,25.18-11.3,25.18-25.18v-40.22c0-13.88-11.3-25.18-25.18-25.18Zm-229.85,50.72c16.4,0,29.74,13.34,29.74,29.74s-13.34,29.74-29.74,29.74c-14.5,0-26.61-10.44-29.21-24.2.05-.3.08-.6.08-.91,0-.82-.18-1.6-.51-2.3-.06-.77-.1-1.54-.1-2.33,0-16.4,13.34-29.74,29.74-29.74Zm144.05-81.68c1.74,2.1,3.53,4.28,5.45,6.5,4.12,4.76,10.76,12.97,19.78,24.46h-100.75v-50.37h45.81c13.69,0,20.41,8.14,29.71,19.41Zm-179.15,30.96h-21.87l26.41-50.37h15.41l-19.95,50.37Zm58.47-50.37h34.17v50.37h-53.06l18.89-50.37Zm159.46,160.56c-16.4,0-29.74-13.34-29.74-29.74s13.34-29.74,29.74-29.74,29.74,13.34,29.74,29.74-13.34,29.74-29.74,29.74Z\"><\/path><\/svg>\t\t\t<\/div>\n\t\t<\/div>\n\t\t\t\t\t\t<\/div>\n\t\t\t\t<\/div>\n\t\t<div class=\"elementor-element elementor-element-e767e84 e-con-full e-flex e-con e-child\" data-id=\"e767e84\" data-element_type=\"container\" data-e-type=\"container\">\n\t\t\t\t<div class=\"elementor-element elementor-element-f3bacde elementor-widget elementor-widget-heading\" data-id=\"f3bacde\" data-element_type=\"widget\" data-e-type=\"widget\" data-widget_type=\"heading.default\">\n\t\t\t\t\t<h2 class=\"elementor-heading-title elementor-size-default\">Parking<\/h2>\t\t\t\t<\/div>\n\t\t\t\t<div class=\"elementor-element elementor-element-e34b512 elementor-widget elementor-widget-text-editor\" data-id=\"e34b512\" data-element_type=\"widget\" data-e-type=\"widget\" data-widget_type=\"text-editor.default\">\n\t\t\t\t\t\t\t\t\t<p>Our parcing space for you.<br \/>Located in Langobardenstrasse 64, 50679 Cologne, about 100m from our practice, we provide a parking space, free of charge in front of our garages on the street.<\/p>\t\t\t\t\t\t\t\t<\/div>\n\t\t\t\t<\/div>\n\t\t\t\t\t<\/div>\n\t\t\t\t<\/div>\n\t\t<div class=\"elementor-element elementor-element-16c8b0b e-flex e-con-boxed e-con e-parent\" data-id=\"16c8b0b\" data-element_type=\"container\" data-e-type=\"container\" id=\"bahn\">\n\t\t\t\t\t<div class=\"e-con-inner\">\n\t\t<div class=\"elementor-element elementor-element-7e5f545 e-con-full e-flex e-con e-child\" data-id=\"7e5f545\" data-element_type=\"container\" data-e-type=\"container\" data-settings=\"{&quot;background_background&quot;:&quot;classic&quot;}\">\n\t\t\t\t<div class=\"elementor-element elementor-element-3eab40a elementor-view-default elementor-widget elementor-widget-icon\" data-id=\"3eab40a\" data-element_type=\"widget\" data-e-type=\"widget\" data-widget_type=\"icon.default\">\n\t\t\t\t\t\t\t<div class=\"elementor-icon-wrapper\">\n\t\t\t<div class=\"elementor-icon\">\n\t\t\t<svg xmlns=\"http:\/\/www.w3.org\/2000\/svg\" id=\"Ebene_1\" data-name=\"Ebene 1\" viewbox=\"0 0 512 512\"><defs><style>      .cls-100 {        fill: #044770;      }    <\/style><\/defs><path class=\"cls-100\" d=\"m421.28,249.43c-6.62-18.9-24.19-69.78-26-78.13-1.85-8.51-5.71-18.28-19.32-18.28H110.64c-10.72,0-19.45,8.72-19.45,19.45v142.37c0,10.72,8.73,19.45,19.45,19.45h11.81c6.49,13.9,20.6,23.55,36.92,23.55,22.46,0,40.74-18.28,40.74-40.74s-18.27-40.74-40.74-40.74-40.74,18.27-40.74,40.74c0,2.1.16,4.17.47,6.19h-8.46c-4.66,0-8.45-3.79-8.45-8.45v-39.53h16.43c3.04,0,5.5-2.46,5.5-5.5s-2.46-5.5-5.5-5.5h-16.43v-7.56c.05,0,.1,0,.15,0h26.99c4.84,0,8.78-3.94,8.77-8.78v-49.08c0-4.84-3.94-8.78-8.78-8.78h-26.99c-.05,0-.1,0-.15,0v-17.65c0-4.66,3.79-8.45,8.45-8.45h265.31c3.62,0,6.49,0,8.57,9.62.58,2.67,2.45,8.78,4.95,16.48h-38.74c-4.84,0-8.78,3.94-8.78,8.78v61.74c0,4.84,3.94,8.78,8.78,8.78h59.86v6.96h-20.84c-3.04,0-5.5,2.46-5.5,5.5s2.46,5.5,5.5,5.5h20.84v27.48c0,4.66-3.79,8.45-8.45,8.45h-19.68c.31-2.02.47-4.09.47-6.19,0-22.46-18.27-40.74-40.74-40.74s-40.74,18.27-40.74,40.74c0,2.1.16,4.17.47,6.19h-90.24c-3.04,0-5.5,2.46-5.5,5.5s2.46,5.5,5.5,5.5h93.58c6.49,13.9,20.6,23.55,36.92,23.55s30.43-9.65,36.92-23.55h23.02c10.72,0,19.45-8.72,19.45-19.45v-63.59c0-.62-.1-1.23-.31-1.82Zm-261.91,37.93c16.4,0,29.74,13.34,29.74,29.74s-13.34,29.74-29.74,29.74-29.74-13.34-29.74-29.74,13.34-29.74,29.74-29.74Zm-57.03-86.25h24.77v44.64h-24.77c-.05,0-.1,0-.15,0v-44.65c.05,0,.1,0,.15,0Zm239.85,145.72c-16.4,0-29.74-13.34-29.74-29.74s13.34-29.74,29.74-29.74,29.74,13.34,29.74,29.74-13.34,29.74-29.74,29.74Zm10.76-88.43v-57.29h40.14c6.91,20.73,15.67,45.85,17.5,51.07v6.22h-57.64Z\"><\/path><path class=\"cls-100\" d=\"m234.26,246.68v-46.51c0-5.55-4.51-10.06-10.06-10.06h-66.55c-5.55,0-10.06,4.52-10.06,10.07v46.5c0,5.55,4.52,10.06,10.06,10.06h66.55c5.55,0,10.07-4.51,10.07-10.06Zm-11-.94h-64.68v-44.63h64.68v44.63Z\"><\/path><path class=\"cls-100\" d=\"m322.12,256.74c5.55,0,10.06-4.51,10.06-10.06v-46.51c0-5.55-4.51-10.06-10.06-10.06h-66.55c-5.55,0-10.06,4.52-10.06,10.07v46.5c0,5.55,4.52,10.06,10.06,10.06h66.55Zm-65.61-55.63h64.68v44.63h-64.68v-44.63Z\"><\/path><\/svg>\t\t\t<\/div>\n\t\t<\/div>\n\t\t\t\t\t\t<\/div>\n\t\t\t\t<\/div>\n\t\t<div class=\"elementor-element elementor-element-1cd0c0b e-con-full e-flex e-con e-child\" data-id=\"1cd0c0b\" data-element_type=\"container\" data-e-type=\"container\">\n\t\t\t\t<div class=\"elementor-element elementor-element-7324a6a elementor-widget elementor-widget-heading\" data-id=\"7324a6a\" data-element_type=\"widget\" data-e-type=\"widget\" data-widget_type=\"heading.default\">\n\t\t\t\t\t<h2 class=\"elementor-heading-title elementor-size-default\">By tram<\/h2>\t\t\t\t<\/div>\n\t\t\t\t<div class=\"elementor-element elementor-element-a621399 elementor-widget elementor-widget-text-editor\" data-id=\"a621399\" data-element_type=\"widget\" data-e-type=\"widget\" data-widget_type=\"text-editor.default\">\n\t\t\t\t\t\t\t\t\t<p>KVB- trams number 3 and 4 stop right in front of our practice at the stop Suevenstrasse.<\/p>\t\t\t\t\t\t\t\t<\/div>\n\t\t\t\t<\/div>\n\t\t\t\t\t<\/div>\n\t\t\t\t<\/div>\n\t\t<div class=\"elementor-element elementor-element-d92f83a e-flex e-con-boxed e-con e-parent\" data-id=\"d92f83a\" data-element_type=\"container\" data-e-type=\"container\" data-settings=\"{&quot;background_background&quot;:&quot;classic&quot;}\">\n\t\t\t\t\t<div class=\"e-con-inner\">\n\t\t\t\t<div class=\"elementor-element elementor-element-fccbf0b elementor-widget elementor-widget-heading\" data-id=\"fccbf0b\" data-element_type=\"widget\" data-e-type=\"widget\" data-widget_type=\"heading.default\">\n\t\t\t\t\t<h2 class=\"elementor-heading-title elementor-size-default\">Making an appointment<\/h2>\t\t\t\t<\/div>\n\t\t\t\t<div class=\"elementor-element elementor-element-30b9fab elementor-widget__width-initial elementor-widget elementor-widget-text-editor\" data-id=\"30b9fab\" data-element_type=\"widget\" data-e-type=\"widget\" data-widget_type=\"text-editor.default\">\n\t\t\t\t\t\t\t\t\t<p>Damit wir uns f\u00fcr Sie immer ausreichend Zeit nehmen k\u00f6nnen, vereinbaren Sie daher bitte im Vorfeld einen Termin. Vielen Dank!<\/p>\t\t\t\t\t\t\t\t<\/div>\n\t\t\t\t<div class=\"elementor-element elementor-element-42a3593 elementor-align-center elementor-widget__width-inherit elementor-widget elementor-widget-button\" data-id=\"42a3593\" data-element_type=\"widget\" data-e-type=\"widget\" data-widget_type=\"button.default\">\n\t\t\t\t\t\t\t\t\t\t<a class=\"elementor-button elementor-button-link elementor-size-sm\" href=\"#termin\">\n\t\t\t\t\t\t<span class=\"elementor-button-content-wrapper\">\n\t\t\t\t\t\t\t\t\t<span class=\"elementor-button-text\">Making an appointment<\/span>\n\t\t\t\t\t<\/span>\n\t\t\t\t\t<\/a>\n\t\t\t\t\t\t\t\t<\/div>\n\t\t\t\t\t<\/div>\n\t\t\t\t<\/div>\n\t\t\t\t<\/div>","protected":false},"excerpt":{"rendered":"<p>Kleintierpraxis Kai Wilms in K\u00f6ln-Deutz Start So finden Sie uns \/ Ihre Anfahrt zu uns Wir befinden uns im K\u00f6lner Innenstadtbezirk Deutz und sind von allen Richtungen gut erreichbar. Anreise mit dem Auto Mit \u00f6ffentlichem Nahverkehr Schmerztherapeutische Kleintierpraxis Kai Wilms Gotenring 57, 50679 K\u00f6ln Parken mit dem Auto Unser Stellplatz f\u00fcr Ihren Aufenthalt.In der Langobardenstrasse [&hellip;]<\/p>\n","protected":false},"author":1,"featured_media":0,"parent":0,"menu_order":0,"comment_status":"closed","ping_status":"closed","template":"","meta":{"footnotes":""},"class_list":["post-312","page","type-page","status-publish","hentry"],"yoast_head":"<!-- This site is optimized with the Yoast SEO plugin v27.3 - https:\/\/yoast.com\/product\/yoast-seo-wordpress\/ -->\n<title>Anfahrt - Schmerztherapeutische Kleintierpraxis Kai Wilms<\/title>\n<meta name=\"description\" content=\"Kontakt und Anfahrt zur Tierarztpraxis in K\u00f6ln-Deutz. Jetzt Termin vereinbaren \u2013 wir sind f\u00fcr Sie und Ihr Tier da.\" \/>\n<meta name=\"robots\" content=\"index, follow, max-snippet:-1, max-image-preview:large, max-video-preview:-1\" \/>\n<link rel=\"canonical\" href=\"https:\/\/kleintierpraxiswilms.de\/en\/anfahrt\/\" \/>\n<meta property=\"og:locale\" content=\"en_GB\" \/>\n<meta property=\"og:type\" content=\"article\" \/>\n<meta property=\"og:title\" content=\"Anfahrt - Schmerztherapeutische Kleintierpraxis Kai Wilms\" \/>\n<meta property=\"og:description\" content=\"Kontakt und Anfahrt zur Tierarztpraxis in K\u00f6ln-Deutz. Jetzt Termin vereinbaren \u2013 wir sind f\u00fcr Sie und Ihr Tier da.\" \/>\n<meta property=\"og:url\" content=\"https:\/\/kleintierpraxiswilms.de\/en\/anfahrt\/\" \/>\n<meta property=\"og:site_name\" content=\"Schmerztherapeutische Kleintierpraxis Kai Wilms\" \/>\n<meta property=\"article:publisher\" content=\"https:\/\/www.facebook.com\/profile.php?id=100061079242308\" \/>\n<meta property=\"article:modified_time\" content=\"2026-04-09T17:57:54+00:00\" \/>\n<meta name=\"twitter:card\" content=\"summary_large_image\" \/>\n<script type=\"application\/ld+json\" class=\"yoast-schema-graph\">{\"@context\":\"https:\\\/\\\/schema.org\",\"@graph\":[{\"@type\":\"WebPage\",\"@id\":\"https:\\\/\\\/kleintierpraxiswilms.de\\\/anfahrt\\\/\",\"url\":\"https:\\\/\\\/kleintierpraxiswilms.de\\\/anfahrt\\\/\",\"name\":\"Anfahrt - Schmerztherapeutische Kleintierpraxis Kai Wilms\",\"isPartOf\":{\"@id\":\"https:\\\/\\\/kleintierpraxiswilms.de\\\/#website\"},\"datePublished\":\"2023-05-07T18:20:29+00:00\",\"dateModified\":\"2026-04-09T17:57:54+00:00\",\"description\":\"Kontakt und Anfahrt zur Tierarztpraxis in K\u00f6ln-Deutz. Jetzt Termin vereinbaren \u2013 wir sind f\u00fcr Sie und Ihr Tier da.\",\"breadcrumb\":{\"@id\":\"https:\\\/\\\/kleintierpraxiswilms.de\\\/anfahrt\\\/#breadcrumb\"},\"inLanguage\":\"en-GB\",\"potentialAction\":[{\"@type\":\"ReadAction\",\"target\":[\"https:\\\/\\\/kleintierpraxiswilms.de\\\/anfahrt\\\/\"]}]},{\"@type\":\"BreadcrumbList\",\"@id\":\"https:\\\/\\\/kleintierpraxiswilms.de\\\/anfahrt\\\/#breadcrumb\",\"itemListElement\":[{\"@type\":\"ListItem\",\"position\":1,\"name\":\"Start\",\"item\":\"https:\\\/\\\/kleintierpraxiswilms.de\\\/\"},{\"@type\":\"ListItem\",\"position\":2,\"name\":\"Anfahrt\"}]},{\"@type\":\"WebSite\",\"@id\":\"https:\\\/\\\/kleintierpraxiswilms.de\\\/#website\",\"url\":\"https:\\\/\\\/kleintierpraxiswilms.de\\\/\",\"name\":\"Schmerztherapeutische Kleintierpraxis Kai Wilms\",\"description\":\"Schmerztherapie und Goldakupunktur in K\u00f6ln-Deutz\",\"publisher\":{\"@id\":\"https:\\\/\\\/kleintierpraxiswilms.de\\\/#organization\"},\"potentialAction\":[{\"@type\":\"SearchAction\",\"target\":{\"@type\":\"EntryPoint\",\"urlTemplate\":\"https:\\\/\\\/kleintierpraxiswilms.de\\\/?s={search_term_string}\"},\"query-input\":{\"@type\":\"PropertyValueSpecification\",\"valueRequired\":true,\"valueName\":\"search_term_string\"}}],\"inLanguage\":\"en-GB\"},{\"@type\":\"Organization\",\"@id\":\"https:\\\/\\\/kleintierpraxiswilms.de\\\/#organization\",\"name\":\"Schmerztherapeutische Kleintierpraxis Kai Wilms\",\"url\":\"https:\\\/\\\/kleintierpraxiswilms.de\\\/\",\"logo\":{\"@type\":\"ImageObject\",\"inLanguage\":\"en-GB\",\"@id\":\"https:\\\/\\\/kleintierpraxiswilms.de\\\/#\\\/schema\\\/logo\\\/image\\\/\",\"url\":\"https:\\\/\\\/kleintierpraxiswilms.de\\\/wp-content\\\/uploads\\\/2023\\\/05\\\/icn_logo_schmerztherapeutischekleintierpraxiskaiwilms.svg\",\"contentUrl\":\"https:\\\/\\\/kleintierpraxiswilms.de\\\/wp-content\\\/uploads\\\/2023\\\/05\\\/icn_logo_schmerztherapeutischekleintierpraxiskaiwilms.svg\",\"width\":2118,\"height\":475,\"caption\":\"Schmerztherapeutische Kleintierpraxis Kai Wilms\"},\"image\":{\"@id\":\"https:\\\/\\\/kleintierpraxiswilms.de\\\/#\\\/schema\\\/logo\\\/image\\\/\"},\"sameAs\":[\"https:\\\/\\\/www.facebook.com\\\/profile.php?id=100061079242308\"]}]}<\/script>\n<!-- \/ Yoast SEO plugin. -->","yoast_head_json":{"title":"Anfahrt - Schmerztherapeutische Kleintierpraxis Kai Wilms","description":"Kontakt und Anfahrt zur Tierarztpraxis in K\u00f6ln-Deutz. Jetzt Termin vereinbaren \u2013 wir sind f\u00fcr Sie und Ihr Tier da.","robots":{"index":"index","follow":"follow","max-snippet":"max-snippet:-1","max-image-preview":"max-image-preview:large","max-video-preview":"max-video-preview:-1"},"canonical":"https:\/\/kleintierpraxiswilms.de\/en\/anfahrt\/","og_locale":"en_GB","og_type":"article","og_title":"Anfahrt - Schmerztherapeutische Kleintierpraxis Kai Wilms","og_description":"Kontakt und Anfahrt zur Tierarztpraxis in K\u00f6ln-Deutz. Jetzt Termin vereinbaren \u2013 wir sind f\u00fcr Sie und Ihr Tier da.","og_url":"https:\/\/kleintierpraxiswilms.de\/en\/anfahrt\/","og_site_name":"Schmerztherapeutische Kleintierpraxis Kai Wilms","article_publisher":"https:\/\/www.facebook.com\/profile.php?id=100061079242308","article_modified_time":"2026-04-09T17:57:54+00:00","twitter_card":"summary_large_image","schema":{"@context":"https:\/\/schema.org","@graph":[{"@type":"WebPage","@id":"https:\/\/kleintierpraxiswilms.de\/anfahrt\/","url":"https:\/\/kleintierpraxiswilms.de\/anfahrt\/","name":"Anfahrt - Schmerztherapeutische Kleintierpraxis Kai Wilms","isPartOf":{"@id":"https:\/\/kleintierpraxiswilms.de\/#website"},"datePublished":"2023-05-07T18:20:29+00:00","dateModified":"2026-04-09T17:57:54+00:00","description":"Kontakt und Anfahrt zur Tierarztpraxis in K\u00f6ln-Deutz. Jetzt Termin vereinbaren \u2013 wir sind f\u00fcr Sie und Ihr Tier da.","breadcrumb":{"@id":"https:\/\/kleintierpraxiswilms.de\/anfahrt\/#breadcrumb"},"inLanguage":"en-GB","potentialAction":[{"@type":"ReadAction","target":["https:\/\/kleintierpraxiswilms.de\/anfahrt\/"]}]},{"@type":"BreadcrumbList","@id":"https:\/\/kleintierpraxiswilms.de\/anfahrt\/#breadcrumb","itemListElement":[{"@type":"ListItem","position":1,"name":"Start","item":"https:\/\/kleintierpraxiswilms.de\/"},{"@type":"ListItem","position":2,"name":"Anfahrt"}]},{"@type":"WebSite","@id":"https:\/\/kleintierpraxiswilms.de\/#website","url":"https:\/\/kleintierpraxiswilms.de\/","name":"Schmerztherapeutische Kleintierpraxis Kai Wilms","description":"Schmerztherapie und Goldakupunktur in K\u00f6ln-Deutz","publisher":{"@id":"https:\/\/kleintierpraxiswilms.de\/#organization"},"potentialAction":[{"@type":"SearchAction","target":{"@type":"EntryPoint","urlTemplate":"https:\/\/kleintierpraxiswilms.de\/?s={search_term_string}"},"query-input":{"@type":"PropertyValueSpecification","valueRequired":true,"valueName":"search_term_string"}}],"inLanguage":"en-GB"},{"@type":"Organization","@id":"https:\/\/kleintierpraxiswilms.de\/#organization","name":"Schmerztherapeutische Kleintierpraxis Kai Wilms","url":"https:\/\/kleintierpraxiswilms.de\/","logo":{"@type":"ImageObject","inLanguage":"en-GB","@id":"https:\/\/kleintierpraxiswilms.de\/#\/schema\/logo\/image\/","url":"https:\/\/kleintierpraxiswilms.de\/wp-content\/uploads\/2023\/05\/icn_logo_schmerztherapeutischekleintierpraxiskaiwilms.svg","contentUrl":"https:\/\/kleintierpraxiswilms.de\/wp-content\/uploads\/2023\/05\/icn_logo_schmerztherapeutischekleintierpraxiskaiwilms.svg","width":2118,"height":475,"caption":"Schmerztherapeutische Kleintierpraxis Kai Wilms"},"image":{"@id":"https:\/\/kleintierpraxiswilms.de\/#\/schema\/logo\/image\/"},"sameAs":["https:\/\/www.facebook.com\/profile.php?id=100061079242308"]}]}},"_links":{"self":[{"href":"https:\/\/kleintierpraxiswilms.de\/en\/wp-json\/wp\/v2\/pages\/312","targetHints":{"allow":["GET"]}}],"collection":[{"href":"https:\/\/kleintierpraxiswilms.de\/en\/wp-json\/wp\/v2\/pages"}],"about":[{"href":"https:\/\/kleintierpraxiswilms.de\/en\/wp-json\/wp\/v2\/types\/page"}],"author":[{"embeddable":true,"href":"https:\/\/kleintierpraxiswilms.de\/en\/wp-json\/wp\/v2\/users\/1"}],"replies":[{"embeddable":true,"href":"https:\/\/kleintierpraxiswilms.de\/en\/wp-json\/wp\/v2\/comments?post=312"}],"version-history":[{"count":3,"href":"https:\/\/kleintierpraxiswilms.de\/en\/wp-json\/wp\/v2\/pages\/312\/revisions"}],"predecessor-version":[{"id":1878,"href":"https:\/\/kleintierpraxiswilms.de\/en\/wp-json\/wp\/v2\/pages\/312\/revisions\/1878"}],"wp:attachment":[{"href":"https:\/\/kleintierpraxiswilms.de\/en\/wp-json\/wp\/v2\/media?parent=312"}],"curies":[{"name":"wp","href":"https:\/\/api.w.org\/{rel}","templated":true}]}}