{"id":302,"date":"2023-05-07T18:17:59","date_gmt":"2023-05-07T18:17:59","guid":{"rendered":"https:\/\/kleintierpraxiswilms.de\/?page_id=302"},"modified":"2026-01-12T08:05:57","modified_gmt":"2026-01-12T08:05:57","slug":"impressum","status":"publish","type":"page","link":"https:\/\/kleintierpraxiswilms.de\/en\/impressum\/","title":{"rendered":"Imprint"},"content":{"rendered":"<div data-elementor-type=\"wp-page\" data-elementor-id=\"302\" class=\"elementor elementor-302\" data-elementor-post-type=\"page\">\n\t\t\t\t<div class=\"elementor-element elementor-element-78b3046 e-flex e-con-boxed e-con e-parent\" data-id=\"78b3046\" data-element_type=\"container\" data-e-type=\"container\" data-settings=\"{&quot;background_background&quot;:&quot;classic&quot;}\">\n\t\t\t\t\t<div class=\"e-con-inner\">\n\t\t\t\t<div class=\"elementor-element elementor-element-860bd53 elementor-widget elementor-widget-heading\" data-id=\"860bd53\" data-element_type=\"widget\" data-e-type=\"widget\" data-widget_type=\"heading.default\">\n\t\t\t\t\t<h1 class=\"elementor-heading-title elementor-size-default\">Imprint<\/h1>\t\t\t\t<\/div>\n\t\t\t\t\t<\/div>\n\t\t\t\t<\/div>\n\t\t<div class=\"elementor-element elementor-element-37f94d2 e-flex e-con-boxed e-con e-parent\" data-id=\"37f94d2\" data-element_type=\"container\" data-e-type=\"container\">\n\t\t\t\t\t<div class=\"e-con-inner\">\n\t\t\t\t<div class=\"elementor-element elementor-element-564dd0d elementor-widget elementor-widget-dce-breadcrumbs\" data-id=\"564dd0d\" data-element_type=\"widget\" data-e-type=\"widget\" data-widget_type=\"dce-breadcrumbs.default\">\n\t\t\t\t<div class=\"elementor-widget-container\">\n\t\t\t\t\t<div><span><span><a href=\"https:\/\/kleintierpraxiswilms.de\/en\/\">Start<\/a><\/span><\/span><\/div>\t\t\t\t<\/div>\n\t\t\t\t<\/div>\n\t\t\t\t\t<\/div>\n\t\t\t\t<\/div>\n\t\t<div class=\"elementor-element elementor-element-c81adf8 e-flex e-con-boxed e-con e-parent\" data-id=\"c81adf8\" data-element_type=\"container\" data-e-type=\"container\">\n\t\t\t\t\t<div class=\"e-con-inner\">\n\t\t\t\t<div class=\"elementor-element elementor-element-9782c6c elementor-widget__width-initial elementor-widget elementor-widget-heading\" data-id=\"9782c6c\" data-element_type=\"widget\" data-e-type=\"widget\" data-widget_type=\"heading.default\">\n\t\t\t\t\t<h2 class=\"elementor-heading-title elementor-size-default\">Schmerztherapeutische Kleintierpraxis Kai Wilms<\/h2>\t\t\t\t<\/div>\n\t\t\t\t<div class=\"elementor-element elementor-element-f32765a elementor-widget elementor-widget-heading\" data-id=\"f32765a\" data-element_type=\"widget\" data-e-type=\"widget\" data-widget_type=\"heading.default\">\n\t\t\t\t\t<h5 class=\"elementor-heading-title elementor-size-default\">Address<\/h5>\t\t\t\t<\/div>\n\t\t\t\t<div class=\"elementor-element elementor-element-a255160 elementor-widget elementor-widget-text-editor\" data-id=\"a255160\" data-element_type=\"widget\" data-e-type=\"widget\" data-widget_type=\"text-editor.default\">\n\t\t\t\t\t\t\t\t\t<p>Gotenring 57<br \/>50679 K\u00f6ln<\/p>\t\t\t\t\t\t\t\t<\/div>\n\t\t<div class=\"elementor-element elementor-element-434f5e4 e-con-full e-flex e-con e-child\" data-id=\"434f5e4\" data-element_type=\"container\" data-e-type=\"container\">\n\t\t\t\t<div class=\"elementor-element elementor-element-7af7efd elementor-widget__width-auto elementor-widget elementor-widget-text-editor\" data-id=\"7af7efd\" data-element_type=\"widget\" data-e-type=\"widget\" data-widget_type=\"text-editor.default\">\n\t\t\t\t\t\t\t\t\t<p>Telephone<\/p>\t\t\t\t\t\t\t\t<\/div>\n\t\t\t\t<div class=\"elementor-element elementor-element-cc9b83e elementor-widget__width-auto elementor-widget elementor-widget-text-editor\" data-id=\"cc9b83e\" data-element_type=\"widget\" data-e-type=\"widget\" data-widget_type=\"text-editor.default\">\n\t\t\t\t\t\t\t\t\t<p>+49 221 222 333 77<\/p>\t\t\t\t\t\t\t\t<\/div>\n\t\t\t\t<div class=\"elementor-element elementor-element-5a578dd elementor-widget__width-inherit elementor-widget-divider--view-line elementor-widget elementor-widget-divider\" data-id=\"5a578dd\" data-element_type=\"widget\" data-e-type=\"widget\" data-widget_type=\"divider.default\">\n\t\t\t\t\t\t\t<div class=\"elementor-divider\">\n\t\t\t<span class=\"elementor-divider-separator\">\n\t\t\t\t\t\t<\/span>\n\t\t<\/div>\n\t\t\t\t\t\t<\/div>\n\t\t\t\t<div class=\"elementor-element elementor-element-96aa700 elementor-widget__width-auto elementor-widget elementor-widget-text-editor\" data-id=\"96aa700\" data-element_type=\"widget\" data-e-type=\"widget\" data-widget_type=\"text-editor.default\">\n\t\t\t\t\t\t\t\t\t<p>Mobile<\/p>\t\t\t\t\t\t\t\t<\/div>\n\t\t\t\t<div class=\"elementor-element elementor-element-a68d7ad elementor-widget__width-auto elementor-widget-laptop__width-auto elementor-widget elementor-widget-text-editor\" data-id=\"a68d7ad\" data-element_type=\"widget\" data-e-type=\"widget\" data-widget_type=\"text-editor.default\">\n\t\t\t\t\t\t\t\t\t<p>+49 173 387 40 77<\/p>\t\t\t\t\t\t\t\t<\/div>\n\t\t\t\t<div class=\"elementor-element elementor-element-2021122 elementor-widget__width-inherit elementor-widget-divider--view-line elementor-widget elementor-widget-divider\" data-id=\"2021122\" data-element_type=\"widget\" data-e-type=\"widget\" data-widget_type=\"divider.default\">\n\t\t\t\t\t\t\t<div class=\"elementor-divider\">\n\t\t\t<span class=\"elementor-divider-separator\">\n\t\t\t\t\t\t<\/span>\n\t\t<\/div>\n\t\t\t\t\t\t<\/div>\n\t\t\t\t<div class=\"elementor-element elementor-element-e34582c elementor-widget__width-auto elementor-widget elementor-widget-text-editor\" data-id=\"e34582c\" data-element_type=\"widget\" data-e-type=\"widget\" data-widget_type=\"text-editor.default\">\n\t\t\t\t\t\t\t\t\t<p>E-Mail<\/p>\t\t\t\t\t\t\t\t<\/div>\n\t\t\t\t<div class=\"elementor-element elementor-element-a626b0c elementor-widget elementor-widget-text-editor\" data-id=\"a626b0c\" data-element_type=\"widget\" data-e-type=\"widget\" data-widget_type=\"text-editor.default\">\n\t\t\t\t\t\t\t\t\t<p>mail@kleintierpraxiswilms.de<\/p>\t\t\t\t\t\t\t\t<\/div>\n\t\t\t\t<\/div>\n\t\t\t\t\t<\/div>\n\t\t\t\t<\/div>\n\t\t<div class=\"elementor-element elementor-element-945a6e2 e-flex e-con-boxed e-con e-parent\" data-id=\"945a6e2\" data-element_type=\"container\" data-e-type=\"container\" data-settings=\"{&quot;background_background&quot;:&quot;classic&quot;}\">\n\t\t\t\t\t<div class=\"e-con-inner\">\n\t\t\t\t<div class=\"elementor-element elementor-element-2b04fea elementor-widget elementor-widget-heading\" data-id=\"2b04fea\" data-element_type=\"widget\" data-e-type=\"widget\" data-widget_type=\"heading.default\">\n\t\t\t\t\t<h5 class=\"elementor-heading-title elementor-size-default\">Responsible supervising authority<\/h5>\t\t\t\t<\/div>\n\t\t\t\t<div class=\"elementor-element elementor-element-7676dcc elementor-widget elementor-widget-text-editor\" data-id=\"7676dcc\" data-element_type=\"widget\" data-e-type=\"widget\" data-widget_type=\"text-editor.default\">\n\t\t\t\t\t\t\t\t\tTier\u00e4rztekammer Nordrhein\nK\u00f6rperschaft des \u00f6ffentlichen Rechts\nSt. T\u00f6niser Str. 15\nD-47906 Kempen\t\t\t\t\t\t\t\t<\/div>\n\t\t\t\t<div class=\"elementor-element elementor-element-95704d5 elementor-widget elementor-widget-heading\" data-id=\"95704d5\" data-element_type=\"widget\" data-e-type=\"widget\" data-widget_type=\"heading.default\">\n\t\t\t\t\t<h5 class=\"elementor-heading-title elementor-size-default\">Occupational title<\/h5>\t\t\t\t<\/div>\n\t\t\t\t<div class=\"elementor-element elementor-element-0ccb245 elementor-widget elementor-widget-text-editor\" data-id=\"0ccb245\" data-element_type=\"widget\" data-e-type=\"widget\" data-widget_type=\"text-editor.default\">\n\t\t\t\t\t\t\t\t\t<p>Veterinarian (conferred in the Federal Republic of Germany)<\/p>\t\t\t\t\t\t\t\t<\/div>\n\t\t\t\t<div class=\"elementor-element elementor-element-955a8cc elementor-widget elementor-widget-heading\" data-id=\"955a8cc\" data-element_type=\"widget\" data-e-type=\"widget\" data-widget_type=\"heading.default\">\n\t\t\t\t\t<h5 class=\"elementor-heading-title elementor-size-default\">Rules of professional conduct<\/h5>\t\t\t\t<\/div>\n\t\t\t\t<div class=\"elementor-element elementor-element-4b3d2e0 elementor-widget elementor-widget-text-editor\" data-id=\"4b3d2e0\" data-element_type=\"widget\" data-e-type=\"widget\" data-widget_type=\"text-editor.default\">\n\t\t\t\t\t\t\t\t\t<p>Professional code of the Tier\u00e4rztekammer\u00a0Nordrhein<\/p>\t\t\t\t\t\t\t\t<\/div>\n\t\t\t\t<div class=\"elementor-element elementor-element-cda7301 elementor-widget-mobile_extra__width-initial elementor-widget-mobile__width-inherit elementor-icon-list--layout-traditional elementor-list-item-link-full_width elementor-widget elementor-widget-icon-list\" data-id=\"cda7301\" data-element_type=\"widget\" data-e-type=\"widget\" data-widget_type=\"icon-list.default\">\n\t\t\t\t\t\t\t<ul class=\"elementor-icon-list-items\">\n\t\t\t\t\t\t\t<li class=\"elementor-icon-list-item\">\n\t\t\t\t\t\t\t\t\t\t\t<a href=\"https:\/\/www.tieraerztekammer-nordrhein.de\/images\/docs\/Berufsrecht\/Berufsordnung%20ab%202022-03-01.pdf\" target=\"_blank\">\n\n\t\t\t\t\t\t\t\t\t\t\t\t<span class=\"elementor-icon-list-icon\">\n\t\t\t\t\t\t\t<svg aria-hidden=\"true\" class=\"e-font-icon-svg e-fas-arrow-right\" viewbox=\"0 0 448 512\" xmlns=\"http:\/\/www.w3.org\/2000\/svg\"><path d=\"M190.5 66.9l22.2-22.2c9.4-9.4 24.6-9.4 33.9 0L441 239c9.4 9.4 9.4 24.6 0 33.9L246.6 467.3c-9.4 9.4-24.6 9.4-33.9 0l-22.2-22.2c-9.5-9.5-9.3-25 .4-34.3L311.4 296H24c-13.3 0-24-10.7-24-24v-32c0-13.3 10.7-24 24-24h287.4L190.9 101.2c-9.8-9.3-10-24.8-.4-34.3z\"><\/path><\/svg>\t\t\t\t\t\t<\/span>\n\t\t\t\t\t\t\t\t\t\t<span class=\"elementor-icon-list-text\">https:\/\/www.tieraerztekammer-nordrhein.de\/images\/docs\/Berufsrecht\/Berufsordnung%20ab%202022-03-01.pdf<\/span>\n\t\t\t\t\t\t\t\t\t\t\t<\/a>\n\t\t\t\t\t\t\t\t\t<\/li>\n\t\t\t\t\t\t<\/ul>\n\t\t\t\t\t\t<\/div>\n\t\t\t\t<div class=\"elementor-element elementor-element-397ff3a elementor-widget elementor-widget-heading\" data-id=\"397ff3a\" data-element_type=\"widget\" data-e-type=\"widget\" data-widget_type=\"heading.default\">\n\t\t\t\t\t<h5 class=\"elementor-heading-title elementor-size-default\">Name, Anschrift und r\u00e4umlicher Geltungsbereich der Berufshaftpflichtversicherung<\/h5>\t\t\t\t<\/div>\n\t\t\t\t<div class=\"elementor-element elementor-element-90e1ba2 elementor-widget elementor-widget-text-editor\" data-id=\"90e1ba2\" data-element_type=\"widget\" data-e-type=\"widget\" data-widget_type=\"text-editor.default\">\n\t\t\t\t\t\t\t\t\tAllianz Versicherungs-Aktiengesellschaft, Munich, German legal territory\t\t\t\t\t\t\t\t<\/div>\n\t\t\t\t\t<\/div>\n\t\t\t\t<\/div>\n\t\t<div class=\"elementor-element elementor-element-04e26b1 e-flex e-con-boxed e-con e-parent\" data-id=\"04e26b1\" data-element_type=\"container\" data-e-type=\"container\">\n\t\t\t\t\t<div class=\"e-con-inner\">\n\t\t\t\t<div class=\"elementor-element elementor-element-a0201ca elementor-widget elementor-widget-heading\" data-id=\"a0201ca\" data-element_type=\"widget\" data-e-type=\"widget\" data-widget_type=\"heading.default\">\n\t\t\t\t\t<h5 class=\"elementor-heading-title elementor-size-default\">Responsible for content<\/h5>\t\t\t\t<\/div>\n\t\t\t\t<div class=\"elementor-element elementor-element-d6497d0 elementor-widget elementor-widget-text-editor\" data-id=\"d6497d0\" data-element_type=\"widget\" data-e-type=\"widget\" data-widget_type=\"text-editor.default\">\n\t\t\t\t\t\t\t\t\t<p>Kai S. Wilms<br \/>Gotenring 57<br \/>D-50679 K\u00f6ln-Deutz<\/p>\t\t\t\t\t\t\t\t<\/div>\n\t\t\t\t<div class=\"elementor-element elementor-element-f2f2482 elementor-widget elementor-widget-heading\" data-id=\"f2f2482\" data-element_type=\"widget\" data-e-type=\"widget\" data-widget_type=\"heading.default\">\n\t\t\t\t\t<h5 class=\"elementor-heading-title elementor-size-default\">Managing directors authorized to represent<\/h5>\t\t\t\t<\/div>\n\t\t\t\t<div class=\"elementor-element elementor-element-656ed1a elementor-widget elementor-widget-text-editor\" data-id=\"656ed1a\" data-element_type=\"widget\" data-e-type=\"widget\" data-widget_type=\"text-editor.default\">\n\t\t\t\t\t\t\t\t\t<p>Kai S. Wilms<\/p>\t\t\t\t\t\t\t\t<\/div>\n\t\t\t\t\t<\/div>\n\t\t\t\t<\/div>\n\t\t<div class=\"elementor-element elementor-element-cc7ffc6 e-flex e-con-boxed e-con e-parent\" data-id=\"cc7ffc6\" data-element_type=\"container\" data-e-type=\"container\" data-settings=\"{&quot;background_background&quot;:&quot;classic&quot;}\">\n\t\t\t\t\t<div class=\"e-con-inner\">\n\t\t\t\t<div class=\"elementor-element elementor-element-df248f5 elementor-widget elementor-widget-heading\" data-id=\"df248f5\" data-element_type=\"widget\" data-e-type=\"widget\" data-widget_type=\"heading.default\">\n\t\t\t\t\t<h5 class=\"elementor-heading-title elementor-size-default\">Value added tax identification number<\/h5>\t\t\t\t<\/div>\n\t\t\t\t<div class=\"elementor-element elementor-element-22ccf86 elementor-widget elementor-widget-text-editor\" data-id=\"22ccf86\" data-element_type=\"widget\" data-e-type=\"widget\" data-widget_type=\"text-editor.default\">\n\t\t\t\t\t\t\t\t\t<p>gem\u00e4\u00df \u00a7 27 a Umsatzsteuergesetz: DE 277 76 69 56<\/p>\t\t\t\t\t\t\t\t<\/div>\n\t\t\t\t<div class=\"elementor-element elementor-element-4ff5816 elementor-widget elementor-widget-heading\" data-id=\"4ff5816\" data-element_type=\"widget\" data-e-type=\"widget\" data-widget_type=\"heading.default\">\n\t\t\t\t\t<h5 class=\"elementor-heading-title elementor-size-default\">Trade register<\/h5>\t\t\t\t<\/div>\n\t\t\t\t<div class=\"elementor-element elementor-element-8347d7d elementor-widget elementor-widget-text-editor\" data-id=\"8347d7d\" data-element_type=\"widget\" data-e-type=\"widget\" data-widget_type=\"text-editor.default\">\n\t\t\t\t\t\t\t\t\t<p>Register court: Amtsgericht K\u00f6ln<br \/>Register number: HRB\u00a072816<\/p>\t\t\t\t\t\t\t\t<\/div>\n\t\t\t\t\t<\/div>\n\t\t\t\t<\/div>\n\t\t<div class=\"elementor-element elementor-element-b9c382b e-flex e-con-boxed e-con e-parent\" data-id=\"b9c382b\" data-element_type=\"container\" data-e-type=\"container\">\n\t\t\t\t\t<div class=\"e-con-inner\">\n\t\t\t\t<div class=\"elementor-element elementor-element-3e28b03 elementor-widget elementor-widget-heading\" data-id=\"3e28b03\" data-element_type=\"widget\" data-e-type=\"widget\" data-widget_type=\"heading.default\">\n\t\t\t\t\t<h5 class=\"elementor-heading-title elementor-size-default\">Tax number<\/h5>\t\t\t\t<\/div>\n\t\t\t\t<div class=\"elementor-element elementor-element-92f8862 elementor-widget elementor-widget-text-editor\" data-id=\"92f8862\" data-element_type=\"widget\" data-e-type=\"widget\" data-widget_type=\"text-editor.default\">\n\t\t\t\t\t\t\t\t\t<p class=\"translation-block\">5214\/5817\/2691 (Finanzamt\u00a0K\u00f6ln-Altstadt)<\/p>\t\t\t\t\t\t\t\t<\/div>\n\t\t\t\t<div class=\"elementor-element elementor-element-70e64db elementor-widget elementor-widget-heading\" data-id=\"70e64db\" data-element_type=\"widget\" data-e-type=\"widget\" data-no-translation=\"\" data-widget_type=\"heading.default\">\n\t\t\t\t\t<style>.elementor-element-70e64db{display:none !important}<\/style>\t\t\t\t<\/div>\n\t\t\t\t<div class=\"elementor-element elementor-element-039e49c elementor-widget elementor-widget-text-editor\" data-id=\"039e49c\" data-element_type=\"widget\" data-e-type=\"widget\" data-no-translation=\"\" data-widget_type=\"text-editor.default\">\n\t\t\t\t\t<style>.elementor-element-039e49c{display:none !important}<\/style>\t\t\t\t<\/div>\n\t\t\t\t\t<\/div>\n\t\t\t\t<\/div>\n\t\t\t\t<\/div>","protected":false},"excerpt":{"rendered":"<p>Impressum Start Impressum Schmerztherapeutische Kleintierpraxis Kai Wilms Anschrift Gotenring 5750679 K\u00f6ln Telefon +49 221 222 333 77 Mobil +49 173 387 40 77 E-Mail mail@kleintierpraxiswilms.de Zust\u00e4ndige Aufsichtsbeh\u00f6rde und Kammerzugeh\u00f6rigkeit Tier\u00e4rztekammer Nordrhein K\u00f6rperschaft des \u00f6ffentlichen Rechts St. T\u00f6niser Str. 15 D-47906 Kempen Berufsbezeichnung Tierarzt (verliehen in der Bundesrepublik Deutschland) Berufsrechtliche Regelungen Berufsordnung der Tier\u00e4rztekammer Nordrhein https:\/\/www.tieraerztekammer-nordrhein.de\/images\/docs\/Berufsrecht\/Berufsordnung%20ab%202022-03-01.pdf [&hellip;]<\/p>\n","protected":false},"author":1,"featured_media":0,"parent":0,"menu_order":0,"comment_status":"closed","ping_status":"closed","template":"","meta":{"footnotes":""},"class_list":["post-302","page","type-page","status-publish","hentry"],"yoast_head":"<!-- This site is optimized with the Yoast SEO plugin v27.3 - https:\/\/yoast.com\/product\/yoast-seo-wordpress\/ -->\n<title>Impressum - Schmerztherapeutische Kleintierpraxis Kai Wilms<\/title>\n<meta name=\"robots\" content=\"index, follow, max-snippet:-1, max-image-preview:large, max-video-preview:-1\" \/>\n<link rel=\"canonical\" href=\"https:\/\/kleintierpraxiswilms.de\/en\/impressum\/\" \/>\n<meta property=\"og:locale\" content=\"en_GB\" \/>\n<meta property=\"og:type\" content=\"article\" \/>\n<meta property=\"og:title\" content=\"Impressum - Schmerztherapeutische Kleintierpraxis Kai Wilms\" \/>\n<meta property=\"og:description\" content=\"Impressum Start Impressum Schmerztherapeutische Kleintierpraxis Kai Wilms Anschrift Gotenring 5750679 K\u00f6ln Telefon +49 221 222 333 77 Mobil +49 173 387 40 77 E-Mail mail@kleintierpraxiswilms.de Zust\u00e4ndige Aufsichtsbeh\u00f6rde und Kammerzugeh\u00f6rigkeit Tier\u00e4rztekammer Nordrhein K\u00f6rperschaft des \u00f6ffentlichen Rechts St. T\u00f6niser Str. 15 D-47906 Kempen Berufsbezeichnung Tierarzt (verliehen in der Bundesrepublik Deutschland) Berufsrechtliche Regelungen Berufsordnung der Tier\u00e4rztekammer Nordrhein https:\/\/www.tieraerztekammer-nordrhein.de\/images\/docs\/Berufsrecht\/Berufsordnung%20ab%202022-03-01.pdf [&hellip;]\" \/>\n<meta property=\"og:url\" content=\"https:\/\/kleintierpraxiswilms.de\/en\/impressum\/\" \/>\n<meta property=\"og:site_name\" content=\"Schmerztherapeutische Kleintierpraxis Kai Wilms\" \/>\n<meta property=\"article:publisher\" content=\"https:\/\/www.facebook.com\/profile.php?id=100061079242308\" \/>\n<meta property=\"article:modified_time\" content=\"2026-01-12T08:05:57+00:00\" \/>\n<meta property=\"og:image\" content=\"https:\/\/kleintierpraxiswilms.de\/wp-content\/uploads\/2023\/05\/right-arrow-angle-svgrepo-com.svg\" \/>\n<meta name=\"twitter:card\" content=\"summary_large_image\" \/>\n<meta name=\"twitter:label1\" content=\"Estimated reading time\" \/>\n\t<meta name=\"twitter:data1\" content=\"1 minute\" \/>\n<script type=\"application\/ld+json\" class=\"yoast-schema-graph\">{\"@context\":\"https:\\\/\\\/schema.org\",\"@graph\":[{\"@type\":\"WebPage\",\"@id\":\"https:\\\/\\\/kleintierpraxiswilms.de\\\/impressum\\\/\",\"url\":\"https:\\\/\\\/kleintierpraxiswilms.de\\\/impressum\\\/\",\"name\":\"Impressum - Schmerztherapeutische Kleintierpraxis Kai Wilms\",\"isPartOf\":{\"@id\":\"https:\\\/\\\/kleintierpraxiswilms.de\\\/#website\"},\"primaryImageOfPage\":{\"@id\":\"https:\\\/\\\/kleintierpraxiswilms.de\\\/impressum\\\/#primaryimage\"},\"image\":{\"@id\":\"https:\\\/\\\/kleintierpraxiswilms.de\\\/impressum\\\/#primaryimage\"},\"thumbnailUrl\":\"https:\\\/\\\/kleintierpraxiswilms.de\\\/wp-content\\\/uploads\\\/2023\\\/05\\\/right-arrow-angle-svgrepo-com.svg\",\"datePublished\":\"2023-05-07T18:17:59+00:00\",\"dateModified\":\"2026-01-12T08:05:57+00:00\",\"breadcrumb\":{\"@id\":\"https:\\\/\\\/kleintierpraxiswilms.de\\\/impressum\\\/#breadcrumb\"},\"inLanguage\":\"en-GB\",\"potentialAction\":[{\"@type\":\"ReadAction\",\"target\":[\"https:\\\/\\\/kleintierpraxiswilms.de\\\/impressum\\\/\"]}]},{\"@type\":\"ImageObject\",\"inLanguage\":\"en-GB\",\"@id\":\"https:\\\/\\\/kleintierpraxiswilms.de\\\/impressum\\\/#primaryimage\",\"url\":\"https:\\\/\\\/kleintierpraxiswilms.de\\\/wp-content\\\/uploads\\\/2023\\\/05\\\/right-arrow-angle-svgrepo-com.svg\",\"contentUrl\":\"https:\\\/\\\/kleintierpraxiswilms.de\\\/wp-content\\\/uploads\\\/2023\\\/05\\\/right-arrow-angle-svgrepo-com.svg\"},{\"@type\":\"BreadcrumbList\",\"@id\":\"https:\\\/\\\/kleintierpraxiswilms.de\\\/impressum\\\/#breadcrumb\",\"itemListElement\":[{\"@type\":\"ListItem\",\"position\":1,\"name\":\"Start\",\"item\":\"https:\\\/\\\/kleintierpraxiswilms.de\\\/\"},{\"@type\":\"ListItem\",\"position\":2,\"name\":\"Impressum\"}]},{\"@type\":\"WebSite\",\"@id\":\"https:\\\/\\\/kleintierpraxiswilms.de\\\/#website\",\"url\":\"https:\\\/\\\/kleintierpraxiswilms.de\\\/\",\"name\":\"Schmerztherapeutische Kleintierpraxis Kai Wilms\",\"description\":\"Schmerztherapie und Goldakupunktur in K\u00f6ln-Deutz\",\"publisher\":{\"@id\":\"https:\\\/\\\/kleintierpraxiswilms.de\\\/#organization\"},\"potentialAction\":[{\"@type\":\"SearchAction\",\"target\":{\"@type\":\"EntryPoint\",\"urlTemplate\":\"https:\\\/\\\/kleintierpraxiswilms.de\\\/?s={search_term_string}\"},\"query-input\":{\"@type\":\"PropertyValueSpecification\",\"valueRequired\":true,\"valueName\":\"search_term_string\"}}],\"inLanguage\":\"en-GB\"},{\"@type\":\"Organization\",\"@id\":\"https:\\\/\\\/kleintierpraxiswilms.de\\\/#organization\",\"name\":\"Schmerztherapeutische Kleintierpraxis Kai Wilms\",\"url\":\"https:\\\/\\\/kleintierpraxiswilms.de\\\/\",\"logo\":{\"@type\":\"ImageObject\",\"inLanguage\":\"en-GB\",\"@id\":\"https:\\\/\\\/kleintierpraxiswilms.de\\\/#\\\/schema\\\/logo\\\/image\\\/\",\"url\":\"https:\\\/\\\/kleintierpraxiswilms.de\\\/wp-content\\\/uploads\\\/2023\\\/05\\\/icn_logo_schmerztherapeutischekleintierpraxiskaiwilms.svg\",\"contentUrl\":\"https:\\\/\\\/kleintierpraxiswilms.de\\\/wp-content\\\/uploads\\\/2023\\\/05\\\/icn_logo_schmerztherapeutischekleintierpraxiskaiwilms.svg\",\"width\":2118,\"height\":475,\"caption\":\"Schmerztherapeutische Kleintierpraxis Kai Wilms\"},\"image\":{\"@id\":\"https:\\\/\\\/kleintierpraxiswilms.de\\\/#\\\/schema\\\/logo\\\/image\\\/\"},\"sameAs\":[\"https:\\\/\\\/www.facebook.com\\\/profile.php?id=100061079242308\"]}]}<\/script>\n<!-- \/ Yoast SEO plugin. -->","yoast_head_json":{"title":"Impressum - Schmerztherapeutische Kleintierpraxis Kai Wilms","robots":{"index":"index","follow":"follow","max-snippet":"max-snippet:-1","max-image-preview":"max-image-preview:large","max-video-preview":"max-video-preview:-1"},"canonical":"https:\/\/kleintierpraxiswilms.de\/en\/impressum\/","og_locale":"en_GB","og_type":"article","og_title":"Impressum - Schmerztherapeutische Kleintierpraxis Kai Wilms","og_description":"Impressum Start Impressum Schmerztherapeutische Kleintierpraxis Kai Wilms Anschrift Gotenring 5750679 K\u00f6ln Telefon +49 221 222 333 77 Mobil +49 173 387 40 77 E-Mail mail@kleintierpraxiswilms.de Zust\u00e4ndige Aufsichtsbeh\u00f6rde und Kammerzugeh\u00f6rigkeit Tier\u00e4rztekammer Nordrhein K\u00f6rperschaft des \u00f6ffentlichen Rechts St. T\u00f6niser Str. 15 D-47906 Kempen Berufsbezeichnung Tierarzt (verliehen in der Bundesrepublik Deutschland) Berufsrechtliche Regelungen Berufsordnung der Tier\u00e4rztekammer Nordrhein https:\/\/www.tieraerztekammer-nordrhein.de\/images\/docs\/Berufsrecht\/Berufsordnung%20ab%202022-03-01.pdf [&hellip;]","og_url":"https:\/\/kleintierpraxiswilms.de\/en\/impressum\/","og_site_name":"Schmerztherapeutische Kleintierpraxis Kai Wilms","article_publisher":"https:\/\/www.facebook.com\/profile.php?id=100061079242308","article_modified_time":"2026-01-12T08:05:57+00:00","og_image":[{"url":"https:\/\/kleintierpraxiswilms.de\/wp-content\/uploads\/2023\/05\/right-arrow-angle-svgrepo-com.svg","type":"","width":"","height":""}],"twitter_card":"summary_large_image","twitter_misc":{"Estimated reading time":"1 minute"},"schema":{"@context":"https:\/\/schema.org","@graph":[{"@type":"WebPage","@id":"https:\/\/kleintierpraxiswilms.de\/impressum\/","url":"https:\/\/kleintierpraxiswilms.de\/impressum\/","name":"Impressum - Schmerztherapeutische Kleintierpraxis Kai Wilms","isPartOf":{"@id":"https:\/\/kleintierpraxiswilms.de\/#website"},"primaryImageOfPage":{"@id":"https:\/\/kleintierpraxiswilms.de\/impressum\/#primaryimage"},"image":{"@id":"https:\/\/kleintierpraxiswilms.de\/impressum\/#primaryimage"},"thumbnailUrl":"https:\/\/kleintierpraxiswilms.de\/wp-content\/uploads\/2023\/05\/right-arrow-angle-svgrepo-com.svg","datePublished":"2023-05-07T18:17:59+00:00","dateModified":"2026-01-12T08:05:57+00:00","breadcrumb":{"@id":"https:\/\/kleintierpraxiswilms.de\/impressum\/#breadcrumb"},"inLanguage":"en-GB","potentialAction":[{"@type":"ReadAction","target":["https:\/\/kleintierpraxiswilms.de\/impressum\/"]}]},{"@type":"ImageObject","inLanguage":"en-GB","@id":"https:\/\/kleintierpraxiswilms.de\/impressum\/#primaryimage","url":"https:\/\/kleintierpraxiswilms.de\/wp-content\/uploads\/2023\/05\/right-arrow-angle-svgrepo-com.svg","contentUrl":"https:\/\/kleintierpraxiswilms.de\/wp-content\/uploads\/2023\/05\/right-arrow-angle-svgrepo-com.svg"},{"@type":"BreadcrumbList","@id":"https:\/\/kleintierpraxiswilms.de\/impressum\/#breadcrumb","itemListElement":[{"@type":"ListItem","position":1,"name":"Start","item":"https:\/\/kleintierpraxiswilms.de\/"},{"@type":"ListItem","position":2,"name":"Impressum"}]},{"@type":"WebSite","@id":"https:\/\/kleintierpraxiswilms.de\/#website","url":"https:\/\/kleintierpraxiswilms.de\/","name":"Schmerztherapeutische Kleintierpraxis Kai Wilms","description":"Schmerztherapie und Goldakupunktur in K\u00f6ln-Deutz","publisher":{"@id":"https:\/\/kleintierpraxiswilms.de\/#organization"},"potentialAction":[{"@type":"SearchAction","target":{"@type":"EntryPoint","urlTemplate":"https:\/\/kleintierpraxiswilms.de\/?s={search_term_string}"},"query-input":{"@type":"PropertyValueSpecification","valueRequired":true,"valueName":"search_term_string"}}],"inLanguage":"en-GB"},{"@type":"Organization","@id":"https:\/\/kleintierpraxiswilms.de\/#organization","name":"Schmerztherapeutische Kleintierpraxis Kai Wilms","url":"https:\/\/kleintierpraxiswilms.de\/","logo":{"@type":"ImageObject","inLanguage":"en-GB","@id":"https:\/\/kleintierpraxiswilms.de\/#\/schema\/logo\/image\/","url":"https:\/\/kleintierpraxiswilms.de\/wp-content\/uploads\/2023\/05\/icn_logo_schmerztherapeutischekleintierpraxiskaiwilms.svg","contentUrl":"https:\/\/kleintierpraxiswilms.de\/wp-content\/uploads\/2023\/05\/icn_logo_schmerztherapeutischekleintierpraxiskaiwilms.svg","width":2118,"height":475,"caption":"Schmerztherapeutische Kleintierpraxis Kai Wilms"},"image":{"@id":"https:\/\/kleintierpraxiswilms.de\/#\/schema\/logo\/image\/"},"sameAs":["https:\/\/www.facebook.com\/profile.php?id=100061079242308"]}]}},"_links":{"self":[{"href":"https:\/\/kleintierpraxiswilms.de\/en\/wp-json\/wp\/v2\/pages\/302","targetHints":{"allow":["GET"]}}],"collection":[{"href":"https:\/\/kleintierpraxiswilms.de\/en\/wp-json\/wp\/v2\/pages"}],"about":[{"href":"https:\/\/kleintierpraxiswilms.de\/en\/wp-json\/wp\/v2\/types\/page"}],"author":[{"embeddable":true,"href":"https:\/\/kleintierpraxiswilms.de\/en\/wp-json\/wp\/v2\/users\/1"}],"replies":[{"embeddable":true,"href":"https:\/\/kleintierpraxiswilms.de\/en\/wp-json\/wp\/v2\/comments?post=302"}],"version-history":[{"count":3,"href":"https:\/\/kleintierpraxiswilms.de\/en\/wp-json\/wp\/v2\/pages\/302\/revisions"}],"predecessor-version":[{"id":1846,"href":"https:\/\/kleintierpraxiswilms.de\/en\/wp-json\/wp\/v2\/pages\/302\/revisions\/1846"}],"wp:attachment":[{"href":"https:\/\/kleintierpraxiswilms.de\/en\/wp-json\/wp\/v2\/media?parent=302"}],"curies":[{"name":"wp","href":"https:\/\/api.w.org\/{rel}","templated":true}]}}