{"id":1885,"date":"2026-04-09T18:26:09","date_gmt":"2026-04-09T18:26:09","guid":{"rendered":"https:\/\/kleintierpraxiswilms.de\/?page_id=1885"},"modified":"2026-04-10T21:04:35","modified_gmt":"2026-04-10T21:04:35","slug":"pennhip-hund-koeln-hd-frueh-erkennen-behandeln","status":"publish","type":"page","link":"https:\/\/kleintierpraxiswilms.de\/en\/pennhip-hund-koeln-hd-frueh-erkennen-behandeln\/","title":{"rendered":"PennHIP-Verfahren"},"content":{"rendered":"<div data-elementor-type=\"wp-page\" data-elementor-id=\"1885\" class=\"elementor elementor-1885\" data-elementor-post-type=\"page\">\n\t\t\t\t<div class=\"elementor-element elementor-element-7a5076e e-flex e-con-boxed e-con e-parent\" data-id=\"7a5076e\" data-element_type=\"container\" data-e-type=\"container\" data-settings=\"{&quot;background_background&quot;:&quot;classic&quot;}\">\n\t\t\t\t\t<div class=\"e-con-inner\">\n\t\t\t\t<div class=\"elementor-element elementor-element-4b5c389 elementor-widget elementor-widget-heading\" data-id=\"4b5c389\" data-element_type=\"widget\" data-e-type=\"widget\" data-widget_type=\"heading.default\">\n\t\t\t\t\t<h1 class=\"elementor-heading-title elementor-size-default\">PennHIP-Verfahren beim Hund  \u2013 Fr\u00fcherkennung von H\u00fcftdysplasie (HD)<\/h1>\t\t\t\t<\/div>\n\t\t\t\t\t<\/div>\n\t\t\t\t<\/div>\n\t\t<div class=\"elementor-element elementor-element-49d3b6a e-flex e-con-boxed e-con e-parent\" data-id=\"49d3b6a\" data-element_type=\"container\" data-e-type=\"container\">\n\t\t\t\t\t<div class=\"e-con-inner\">\n\t\t\t\t<div class=\"elementor-element elementor-element-5402609 elementor-widget elementor-widget-dce-breadcrumbs\" data-id=\"5402609\" data-element_type=\"widget\" data-e-type=\"widget\" data-widget_type=\"dce-breadcrumbs.default\">\n\t\t\t\t<div class=\"elementor-widget-container\">\n\t\t\t\t\t<div><span><span><a href=\"https:\/\/kleintierpraxiswilms.de\/en\/\">Start<\/a><\/span><\/span><\/div>\t\t\t\t<\/div>\n\t\t\t\t<\/div>\n\t\t\t\t\t<\/div>\n\t\t\t\t<\/div>\n\t\t<div class=\"elementor-element elementor-element-016d440 e-flex e-con-boxed e-con e-parent\" data-id=\"016d440\" data-element_type=\"container\" data-e-type=\"container\">\n\t\t\t\t\t<div class=\"e-con-inner\">\n\t\t\t\t<div class=\"elementor-element elementor-element-91e043f elementor-widget elementor-widget-heading\" data-id=\"91e043f\" data-element_type=\"widget\" data-e-type=\"widget\" data-no-translation=\"\" data-widget_type=\"heading.default\">\n\t\t\t\t\t<style>.elementor-element-91e043f{display:none !important}<\/style>\t\t\t\t<\/div>\n\t\t\t\t<div class=\"elementor-element elementor-element-3efecd2 elementor-widget elementor-widget-text-editor\" data-id=\"3efecd2\" data-element_type=\"widget\" data-e-type=\"widget\" data-no-translation=\"\" data-widget_type=\"text-editor.default\">\n\t\t\t\t\t<style>.elementor-element-3efecd2{display:none !important}<\/style>\t\t\t\t<\/div>\n\t\t\t\t<div class=\"elementor-element elementor-element-2458b76 elementor-widget elementor-widget-heading\" data-id=\"2458b76\" data-element_type=\"widget\" data-e-type=\"widget\" data-no-translation=\"\" data-widget_type=\"heading.default\">\n\t\t\t\t\t<style>.elementor-element-2458b76{display:none !important}<\/style>\t\t\t\t<\/div>\n\t\t\t\t<div class=\"elementor-element elementor-element-0cd460d elementor-widget elementor-widget-text-editor\" data-id=\"0cd460d\" data-element_type=\"widget\" data-e-type=\"widget\" data-no-translation=\"\" data-widget_type=\"text-editor.default\">\n\t\t\t\t\t<style>.elementor-element-0cd460d{display:none !important}<\/style>\t\t\t\t<\/div>\n\t\t\t\t<div class=\"elementor-element elementor-element-30c56ac elementor-widget elementor-widget-heading\" data-id=\"30c56ac\" data-element_type=\"widget\" data-e-type=\"widget\" data-no-translation=\"\" data-widget_type=\"heading.default\">\n\t\t\t\t\t<style>.elementor-element-30c56ac{display:none !important}<\/style>\t\t\t\t<\/div>\n\t\t\t\t<div class=\"elementor-element elementor-element-8e25e3c elementor-widget elementor-widget-text-editor\" data-id=\"8e25e3c\" data-element_type=\"widget\" data-e-type=\"widget\" data-no-translation=\"\" data-widget_type=\"text-editor.default\">\n\t\t\t\t\t<style>.elementor-element-8e25e3c{display:none !important}<\/style>\t\t\t\t<\/div>\n\t\t\t\t<div class=\"elementor-element elementor-element-7757f71 elementor-widget elementor-widget-heading\" data-id=\"7757f71\" data-element_type=\"widget\" data-e-type=\"widget\" data-no-translation=\"\" data-widget_type=\"heading.default\">\n\t\t\t\t\t<style>.elementor-element-7757f71{display:none !important}<\/style>\t\t\t\t<\/div>\n\t\t\t\t<div class=\"elementor-element elementor-element-4218fe7 elementor-widget elementor-widget-text-editor\" data-id=\"4218fe7\" data-element_type=\"widget\" data-e-type=\"widget\" data-no-translation=\"\" data-widget_type=\"text-editor.default\">\n\t\t\t\t\t<style>.elementor-element-4218fe7{display:none !important}<\/style>\t\t\t\t<\/div>\n\t\t\t\t<div class=\"elementor-element elementor-element-df775ef elementor-widget elementor-widget-heading\" data-id=\"df775ef\" data-element_type=\"widget\" data-e-type=\"widget\" data-no-translation=\"\" data-widget_type=\"heading.default\">\n\t\t\t\t\t<style>.elementor-element-df775ef{display:none !important}<\/style>\t\t\t\t<\/div>\n\t\t\t\t<div class=\"elementor-element elementor-element-c95de5c elementor-widget elementor-widget-text-editor\" data-id=\"c95de5c\" data-element_type=\"widget\" data-e-type=\"widget\" data-no-translation=\"\" data-widget_type=\"text-editor.default\">\n\t\t\t\t\t<style>.elementor-element-c95de5c{display:none !important}<\/style>\t\t\t\t<\/div>\n\t\t\t\t<div class=\"elementor-element elementor-element-8a779f0 elementor-widget elementor-widget-heading\" data-id=\"8a779f0\" data-element_type=\"widget\" data-e-type=\"widget\" data-no-translation=\"\" data-widget_type=\"heading.default\">\n\t\t\t\t\t<style>.elementor-element-8a779f0{display:none !important}<\/style>\t\t\t\t<\/div>\n\t\t\t\t<div class=\"elementor-element elementor-element-b08cd62 elementor-widget elementor-widget-text-editor\" data-id=\"b08cd62\" data-element_type=\"widget\" data-e-type=\"widget\" data-no-translation=\"\" data-widget_type=\"text-editor.default\">\n\t\t\t\t\t<style>.elementor-element-b08cd62{display:none !important}<\/style>\t\t\t\t<\/div>\n\t\t\t\t<div class=\"elementor-element elementor-element-91ec8a6 elementor-widget elementor-widget-heading\" data-id=\"91ec8a6\" data-element_type=\"widget\" data-e-type=\"widget\" data-no-translation=\"\" data-widget_type=\"heading.default\">\n\t\t\t\t\t<style>.elementor-element-91ec8a6{display:none !important}<\/style>\t\t\t\t<\/div>\n\t\t\t\t<div class=\"elementor-element elementor-element-92b6555 elementor-widget elementor-widget-text-editor\" data-id=\"92b6555\" data-element_type=\"widget\" data-e-type=\"widget\" data-no-translation=\"\" data-widget_type=\"text-editor.default\">\n\t\t\t\t\t<style>.elementor-element-92b6555{display:none !important}<\/style>\t\t\t\t<\/div>\n\t\t\t\t\t\t\t\t\t<div data-id=\"169a644\" data-interaction-id=\"169a644\" data-e-type=\"e-youtube\"  class=\"e-youtube-base\" data-settings=\"&#x7B;&quot;source&quot;&#x3A;&quot;https&#x3A;&#x5C;&#x2F;&#x5C;&#x2F;www.youtube.com&#x5C;&#x2F;watch&#x3F;v&#x3D;TuipxpEKayA&quot;,&quot;autoplay&quot;&#x3A;false,&quot;mute&quot;&#x3A;false,&quot;controls&quot;&#x3A;true,&quot;cc_load_policy&quot;&#x3A;false,&quot;loop&quot;&#x3A;false,&quot;rel&quot;&#x3A;true,&quot;start&quot;&#x3A;null,&quot;end&quot;&#x3A;null,&quot;privacy&quot;&#x3A;false,&quot;lazyload&quot;&#x3A;false&#x7D;\"><\/div>\n\t\t\t\t\t<\/div>\n\t\t\t\t<\/div>\n\t\t\t\t<\/div>","protected":false},"excerpt":{"rendered":"<p>PennHIP-Verfahren beim Hund \u2013 Fr\u00fcherkennung von H\u00fcftdysplasie (HD) Start Was ist das PennHIP-Verfahren? Das PennHIP-Verfahren ist eine spezielle R\u00f6ntgenmethode zur fr\u00fchzeitigen Diagnose von H\u00fcftdysplasie (HD) beim Hund. Im Gegensatz zu der herk\u00f6mmlichen Untersuchung erm\u00f6glicht PennHIP eine sehr genaue Beurteilung der H\u00fcftgelenke bereits ab der vollendeten 16. Lebenswoche. Durch die Messung der sogenannten Gelenklockerheit kann das [&hellip;]<\/p>\n","protected":false},"author":2,"featured_media":0,"parent":0,"menu_order":0,"comment_status":"closed","ping_status":"closed","template":"","meta":{"footnotes":""},"class_list":["post-1885","page","type-page","status-publish","hentry"],"yoast_head":"<!-- This site is optimized with the Yoast SEO plugin v27.3 - https:\/\/yoast.com\/product\/yoast-seo-wordpress\/ -->\n<title>PennHIP-Verfahren - Schmerztherapeutische Kleintierpraxis Kai Wilms<\/title>\n<meta name=\"description\" content=\"PennHIP beim Hund in K\u00f6ln: Fr\u00fcherkennung von H\u00fcftdysplasie (HD) durch moderne R\u00f6ntgendiagnostik. Jetzt Termin vereinbaren.\" \/>\n<meta name=\"robots\" content=\"index, follow, max-snippet:-1, max-image-preview:large, max-video-preview:-1\" \/>\n<link rel=\"canonical\" href=\"https:\/\/kleintierpraxiswilms.de\/en\/pennhip-hund-koeln-hd-frueh-erkennen-behandeln\/\" \/>\n<meta property=\"og:locale\" content=\"en_GB\" \/>\n<meta property=\"og:type\" content=\"article\" \/>\n<meta property=\"og:title\" content=\"PennHIP-Verfahren - Schmerztherapeutische Kleintierpraxis Kai Wilms\" \/>\n<meta property=\"og:description\" content=\"PennHIP beim Hund in K\u00f6ln: Fr\u00fcherkennung von H\u00fcftdysplasie (HD) durch moderne R\u00f6ntgendiagnostik. Jetzt Termin vereinbaren.\" \/>\n<meta property=\"og:url\" content=\"https:\/\/kleintierpraxiswilms.de\/en\/pennhip-hund-koeln-hd-frueh-erkennen-behandeln\/\" \/>\n<meta property=\"og:site_name\" content=\"Schmerztherapeutische Kleintierpraxis Kai Wilms\" \/>\n<meta property=\"article:publisher\" content=\"https:\/\/www.facebook.com\/profile.php?id=100061079242308\" \/>\n<meta property=\"article:modified_time\" content=\"2026-04-10T21:04:35+00:00\" \/>\n<meta name=\"twitter:card\" content=\"summary_large_image\" \/>\n<meta name=\"twitter:label1\" content=\"Estimated reading time\" \/>\n\t<meta name=\"twitter:data1\" content=\"1 minute\" \/>\n<script type=\"application\/ld+json\" class=\"yoast-schema-graph\">{\"@context\":\"https:\\\/\\\/schema.org\",\"@graph\":[{\"@type\":\"WebPage\",\"@id\":\"https:\\\/\\\/kleintierpraxiswilms.de\\\/pennhip-hund-koeln-hd-frueh-erkennen-behandeln\\\/\",\"url\":\"https:\\\/\\\/kleintierpraxiswilms.de\\\/pennhip-hund-koeln-hd-frueh-erkennen-behandeln\\\/\",\"name\":\"PennHIP-Verfahren - Schmerztherapeutische Kleintierpraxis Kai Wilms\",\"isPartOf\":{\"@id\":\"https:\\\/\\\/kleintierpraxiswilms.de\\\/#website\"},\"datePublished\":\"2026-04-09T18:26:09+00:00\",\"dateModified\":\"2026-04-10T21:04:35+00:00\",\"description\":\"PennHIP beim Hund in K\u00f6ln: Fr\u00fcherkennung von H\u00fcftdysplasie (HD) durch moderne R\u00f6ntgendiagnostik. Jetzt Termin vereinbaren.\",\"breadcrumb\":{\"@id\":\"https:\\\/\\\/kleintierpraxiswilms.de\\\/pennhip-hund-koeln-hd-frueh-erkennen-behandeln\\\/#breadcrumb\"},\"inLanguage\":\"en-GB\",\"potentialAction\":[{\"@type\":\"ReadAction\",\"target\":[\"https:\\\/\\\/kleintierpraxiswilms.de\\\/pennhip-hund-koeln-hd-frueh-erkennen-behandeln\\\/\"]}]},{\"@type\":\"BreadcrumbList\",\"@id\":\"https:\\\/\\\/kleintierpraxiswilms.de\\\/pennhip-hund-koeln-hd-frueh-erkennen-behandeln\\\/#breadcrumb\",\"itemListElement\":[{\"@type\":\"ListItem\",\"position\":1,\"name\":\"Start\",\"item\":\"https:\\\/\\\/kleintierpraxiswilms.de\\\/\"},{\"@type\":\"ListItem\",\"position\":2,\"name\":\"PennHIP-Verfahren\"}]},{\"@type\":\"WebSite\",\"@id\":\"https:\\\/\\\/kleintierpraxiswilms.de\\\/#website\",\"url\":\"https:\\\/\\\/kleintierpraxiswilms.de\\\/\",\"name\":\"Schmerztherapeutische Kleintierpraxis Kai Wilms\",\"description\":\"Schmerztherapie und Goldakupunktur in K\u00f6ln-Deutz\",\"publisher\":{\"@id\":\"https:\\\/\\\/kleintierpraxiswilms.de\\\/#organization\"},\"potentialAction\":[{\"@type\":\"SearchAction\",\"target\":{\"@type\":\"EntryPoint\",\"urlTemplate\":\"https:\\\/\\\/kleintierpraxiswilms.de\\\/?s={search_term_string}\"},\"query-input\":{\"@type\":\"PropertyValueSpecification\",\"valueRequired\":true,\"valueName\":\"search_term_string\"}}],\"inLanguage\":\"en-GB\"},{\"@type\":\"Organization\",\"@id\":\"https:\\\/\\\/kleintierpraxiswilms.de\\\/#organization\",\"name\":\"Schmerztherapeutische Kleintierpraxis Kai Wilms\",\"url\":\"https:\\\/\\\/kleintierpraxiswilms.de\\\/\",\"logo\":{\"@type\":\"ImageObject\",\"inLanguage\":\"en-GB\",\"@id\":\"https:\\\/\\\/kleintierpraxiswilms.de\\\/#\\\/schema\\\/logo\\\/image\\\/\",\"url\":\"https:\\\/\\\/kleintierpraxiswilms.de\\\/wp-content\\\/uploads\\\/2023\\\/05\\\/icn_logo_schmerztherapeutischekleintierpraxiskaiwilms.svg\",\"contentUrl\":\"https:\\\/\\\/kleintierpraxiswilms.de\\\/wp-content\\\/uploads\\\/2023\\\/05\\\/icn_logo_schmerztherapeutischekleintierpraxiskaiwilms.svg\",\"width\":2118,\"height\":475,\"caption\":\"Schmerztherapeutische Kleintierpraxis Kai Wilms\"},\"image\":{\"@id\":\"https:\\\/\\\/kleintierpraxiswilms.de\\\/#\\\/schema\\\/logo\\\/image\\\/\"},\"sameAs\":[\"https:\\\/\\\/www.facebook.com\\\/profile.php?id=100061079242308\"]}]}<\/script>\n<!-- \/ Yoast SEO plugin. -->","yoast_head_json":{"title":"PennHIP-Verfahren - Schmerztherapeutische Kleintierpraxis Kai Wilms","description":"PennHIP beim Hund in K\u00f6ln: Fr\u00fcherkennung von H\u00fcftdysplasie (HD) durch moderne R\u00f6ntgendiagnostik. Jetzt Termin vereinbaren.","robots":{"index":"index","follow":"follow","max-snippet":"max-snippet:-1","max-image-preview":"max-image-preview:large","max-video-preview":"max-video-preview:-1"},"canonical":"https:\/\/kleintierpraxiswilms.de\/en\/pennhip-hund-koeln-hd-frueh-erkennen-behandeln\/","og_locale":"en_GB","og_type":"article","og_title":"PennHIP-Verfahren - Schmerztherapeutische Kleintierpraxis Kai Wilms","og_description":"PennHIP beim Hund in K\u00f6ln: Fr\u00fcherkennung von H\u00fcftdysplasie (HD) durch moderne R\u00f6ntgendiagnostik. Jetzt Termin vereinbaren.","og_url":"https:\/\/kleintierpraxiswilms.de\/en\/pennhip-hund-koeln-hd-frueh-erkennen-behandeln\/","og_site_name":"Schmerztherapeutische Kleintierpraxis Kai Wilms","article_publisher":"https:\/\/www.facebook.com\/profile.php?id=100061079242308","article_modified_time":"2026-04-10T21:04:35+00:00","twitter_card":"summary_large_image","twitter_misc":{"Estimated reading time":"1 minute"},"schema":{"@context":"https:\/\/schema.org","@graph":[{"@type":"WebPage","@id":"https:\/\/kleintierpraxiswilms.de\/pennhip-hund-koeln-hd-frueh-erkennen-behandeln\/","url":"https:\/\/kleintierpraxiswilms.de\/pennhip-hund-koeln-hd-frueh-erkennen-behandeln\/","name":"PennHIP-Verfahren - Schmerztherapeutische Kleintierpraxis Kai Wilms","isPartOf":{"@id":"https:\/\/kleintierpraxiswilms.de\/#website"},"datePublished":"2026-04-09T18:26:09+00:00","dateModified":"2026-04-10T21:04:35+00:00","description":"PennHIP beim Hund in K\u00f6ln: Fr\u00fcherkennung von H\u00fcftdysplasie (HD) durch moderne R\u00f6ntgendiagnostik. Jetzt Termin vereinbaren.","breadcrumb":{"@id":"https:\/\/kleintierpraxiswilms.de\/pennhip-hund-koeln-hd-frueh-erkennen-behandeln\/#breadcrumb"},"inLanguage":"en-GB","potentialAction":[{"@type":"ReadAction","target":["https:\/\/kleintierpraxiswilms.de\/pennhip-hund-koeln-hd-frueh-erkennen-behandeln\/"]}]},{"@type":"BreadcrumbList","@id":"https:\/\/kleintierpraxiswilms.de\/pennhip-hund-koeln-hd-frueh-erkennen-behandeln\/#breadcrumb","itemListElement":[{"@type":"ListItem","position":1,"name":"Start","item":"https:\/\/kleintierpraxiswilms.de\/"},{"@type":"ListItem","position":2,"name":"PennHIP-Verfahren"}]},{"@type":"WebSite","@id":"https:\/\/kleintierpraxiswilms.de\/#website","url":"https:\/\/kleintierpraxiswilms.de\/","name":"Schmerztherapeutische Kleintierpraxis Kai Wilms","description":"Schmerztherapie und Goldakupunktur in K\u00f6ln-Deutz","publisher":{"@id":"https:\/\/kleintierpraxiswilms.de\/#organization"},"potentialAction":[{"@type":"SearchAction","target":{"@type":"EntryPoint","urlTemplate":"https:\/\/kleintierpraxiswilms.de\/?s={search_term_string}"},"query-input":{"@type":"PropertyValueSpecification","valueRequired":true,"valueName":"search_term_string"}}],"inLanguage":"en-GB"},{"@type":"Organization","@id":"https:\/\/kleintierpraxiswilms.de\/#organization","name":"Schmerztherapeutische Kleintierpraxis Kai Wilms","url":"https:\/\/kleintierpraxiswilms.de\/","logo":{"@type":"ImageObject","inLanguage":"en-GB","@id":"https:\/\/kleintierpraxiswilms.de\/#\/schema\/logo\/image\/","url":"https:\/\/kleintierpraxiswilms.de\/wp-content\/uploads\/2023\/05\/icn_logo_schmerztherapeutischekleintierpraxiskaiwilms.svg","contentUrl":"https:\/\/kleintierpraxiswilms.de\/wp-content\/uploads\/2023\/05\/icn_logo_schmerztherapeutischekleintierpraxiskaiwilms.svg","width":2118,"height":475,"caption":"Schmerztherapeutische Kleintierpraxis Kai Wilms"},"image":{"@id":"https:\/\/kleintierpraxiswilms.de\/#\/schema\/logo\/image\/"},"sameAs":["https:\/\/www.facebook.com\/profile.php?id=100061079242308"]}]}},"_links":{"self":[{"href":"https:\/\/kleintierpraxiswilms.de\/en\/wp-json\/wp\/v2\/pages\/1885","targetHints":{"allow":["GET"]}}],"collection":[{"href":"https:\/\/kleintierpraxiswilms.de\/en\/wp-json\/wp\/v2\/pages"}],"about":[{"href":"https:\/\/kleintierpraxiswilms.de\/en\/wp-json\/wp\/v2\/types\/page"}],"author":[{"embeddable":true,"href":"https:\/\/kleintierpraxiswilms.de\/en\/wp-json\/wp\/v2\/users\/2"}],"replies":[{"embeddable":true,"href":"https:\/\/kleintierpraxiswilms.de\/en\/wp-json\/wp\/v2\/comments?post=1885"}],"version-history":[{"count":4,"href":"https:\/\/kleintierpraxiswilms.de\/en\/wp-json\/wp\/v2\/pages\/1885\/revisions"}],"predecessor-version":[{"id":1907,"href":"https:\/\/kleintierpraxiswilms.de\/en\/wp-json\/wp\/v2\/pages\/1885\/revisions\/1907"}],"wp:attachment":[{"href":"https:\/\/kleintierpraxiswilms.de\/en\/wp-json\/wp\/v2\/media?parent=1885"}],"curies":[{"name":"wp","href":"https:\/\/api.w.org\/{rel}","templated":true}]}}